{"id":295,"date":"2023-01-23T19:16:24","date_gmt":"2023-01-23T18:16:24","guid":{"rendered":"https:\/\/verenariedler.at\/?page_id=295"},"modified":"2023-01-23T19:19:58","modified_gmt":"2023-01-23T18:19:58","slug":"datenschutz","status":"publish","type":"page","link":"https:\/\/verenariedler.at\/?page_id=295","title":{"rendered":"Datenschutz"},"content":{"rendered":"<p>Der Schutz Ihrer Daten ist mir ein gro\u00dfes Anliegen. Wir, der Websitebetreiber und Seitenprovider, nehmen den Schutz Ihrer Daten sehr ernst und verpflichten uns, die Informationen, die Sie uns in Verbindung mit der Nutzung der Website zur Verf\u00fcgung stellen, zu sch\u00fctzen. Des Weiteren verpflichten wir uns, Ihre Daten gem\u00e4\u00df anwendbarem Recht zu sch\u00fctzen und zu verwenden. In dieser Datenschutzerkl\u00e4rung informiere ich Sie \u00fcber die wichtigsten Aspekte der Datenverarbeitung im Rahmen meiner Webseite.<\/p>\n<h4>Personenbezogene Daten<\/h4>\n<p>Personenbezogene Daten sind individuell identifizierbare Informationen, d. h. all jene, \u00fcber die man Sie identifizieren kann oder mit vertretbarem Aufwand identifizieren k\u00f6nnte. Wenn Sie per E-Mail Kontakt mit mir aufnehmen, werden Ihre angegebenen Daten bei mir gespeichert. Diese Daten gebe ich nicht ohne Ihre Einwilligung weiter.<\/p>\n<h4>Automatische Datenspeicherung<\/h4>\n<p>Wenn Sie meine Webseite besuchen, werden vom Websitebetreiber gewisse Informationen unter Einhaltung der gesetzlichen und vertraglichen Verpflichtungen gespeichert. Das sind insbesondere Daten, die die Nutzung, Sitzungen und die dazugeh\u00f6rigen Informationen betreffen &#8211; im Wesentlichen, damit sie ihren Dienst bereitstellen und verbessern, Anforderung- und Nutzungsmuster analysieren, Verst\u00f6\u00dfe untersuchen und beh\u00f6rdlichen Verpflichtungen nachkommen k\u00f6nnen.<\/p>\n<h4>Cookies<\/h4>\n<p>Die meisten Websites verwenden Cookies \u2013 so auch diese. Cookies richten keinen Schaden auf Ihrem Rechner an und enthalten keine Viren, sondern sind kurze Datenpakete, die zwischen Webbrowser und Webserver ausgetauscht werden.\u00a0 Cookies sind kleine Textdateien, die auf Ihrem Rechner abgelegt werden und die Ihr Browser speichert. Dies dient insbesondere dazu, die Performance der Website zu optimieren, ein gutes Nutzererlebnis zu gew\u00e4hrleisten sowie zu Zwecken der Sicherheit und Betrugspr\u00e4vention. Alle Details zum Umgang mit Cookies auf <a href=\"https:\/\/verenariedler.at\/?page_id=261\"><strong>dieser Website.\u00a0<\/strong><\/a><\/p>\n<h4>Ihre Rechte<\/h4>\n<p>Ihnen stehen grunds\u00e4tzlich die Rechte auf Auskunft, Richtigstellung, Sperrung und (im Rahmen der gesetzlichen Vorgaben) L\u00f6schung Ihrer personenbezogenen Daten zu. Nehmen Sie dazu mit mir Kontakt auf. Wenn Sie glauben, dass die Verarbeitung Ihrer Daten gegen das Datenschutzgesetz verst\u00f6\u00dft oder Ihre Datenschutzrechtlichen Anspr\u00fcche sonst in einer Weise verletzt worden sind, k\u00f6nnen Sie bei der Aufsichtsbeh\u00f6rde eine Beschwerde einbringen. In \u00d6sterreich ist dies die Datenschutzbeh\u00f6rde.<\/p>\n","protected":false},"excerpt":{"rendered":"<p>Der Schutz Ihrer Daten ist mir ein gro\u00dfes Anliegen. Wir, der Websitebetreiber und Seitenprovider, nehmen den Schutz Ihrer Daten sehr ernst und verpflichten uns, die Informationen, die Sie uns in Verbindung mit der Nutzung der Website zur Verf\u00fcgung stellen, zu sch\u00fctzen. Des Weiteren verpflichten wir uns, Ihre Daten gem\u00e4\u00df anwendbarem Recht zu sch\u00fctzen und zu [&hellip;]<\/p>\n","protected":false},"author":1,"featured_media":0,"parent":7,"menu_order":0,"comment_status":"closed","ping_status":"closed","template":"page-no-separators","meta":{"footnotes":""},"class_list":["post-295","page","type-page","status-publish","hentry"],"yoast_head":"<!-- This site is optimized with the Yoast SEO plugin v21.5 - https:\/\/yoast.com\/wordpress\/plugins\/seo\/ -->\n<title>Datenschutz - verenariedler.at<\/title>\n<meta name=\"robots\" content=\"index, follow, max-snippet:-1, max-image-preview:large, max-video-preview:-1\" \/>\n<link rel=\"canonical\" href=\"https:\/\/verenariedler.at\/?page_id=295\" \/>\n<meta property=\"og:locale\" content=\"en_US\" \/>\n<meta property=\"og:type\" content=\"article\" \/>\n<meta property=\"og:title\" content=\"Datenschutz - verenariedler.at\" \/>\n<meta property=\"og:description\" content=\"Der Schutz Ihrer Daten ist mir ein gro\u00dfes Anliegen. Wir, der Websitebetreiber und Seitenprovider, nehmen den Schutz Ihrer Daten sehr ernst und verpflichten uns, die Informationen, die Sie uns in Verbindung mit der Nutzung der Website zur Verf\u00fcgung stellen, zu sch\u00fctzen. Des Weiteren verpflichten wir uns, Ihre Daten gem\u00e4\u00df anwendbarem Recht zu sch\u00fctzen und zu [&hellip;]\" \/>\n<meta property=\"og:url\" content=\"https:\/\/verenariedler.at\/?page_id=295\" \/>\n<meta property=\"og:site_name\" content=\"verenariedler.at\" \/>\n<meta property=\"article:modified_time\" content=\"2023-01-23T18:19:58+00:00\" \/>\n<meta name=\"twitter:card\" content=\"summary_large_image\" \/>\n<meta name=\"twitter:label1\" content=\"Est. reading time\" \/>\n\t<meta name=\"twitter:data1\" content=\"2 minutes\" \/>\n<script type=\"application\/ld+json\" class=\"yoast-schema-graph\">{\"@context\":\"https:\/\/schema.org\",\"@graph\":[{\"@type\":\"WebPage\",\"@id\":\"https:\/\/verenariedler.at\/?page_id=295\",\"url\":\"https:\/\/verenariedler.at\/?page_id=295\",\"name\":\"Datenschutz - verenariedler.at\",\"isPartOf\":{\"@id\":\"https:\/\/verenariedler.at\/#website\"},\"datePublished\":\"2023-01-23T18:16:24+00:00\",\"dateModified\":\"2023-01-23T18:19:58+00:00\",\"breadcrumb\":{\"@id\":\"https:\/\/verenariedler.at\/?page_id=295#breadcrumb\"},\"inLanguage\":\"en-US\",\"potentialAction\":[{\"@type\":\"ReadAction\",\"target\":[\"https:\/\/verenariedler.at\/?page_id=295\"]}]},{\"@type\":\"BreadcrumbList\",\"@id\":\"https:\/\/verenariedler.at\/?page_id=295#breadcrumb\",\"itemListElement\":[{\"@type\":\"ListItem\",\"position\":1,\"name\":\"Startseite\",\"item\":\"https:\/\/verenariedler.at\/\"},{\"@type\":\"ListItem\",\"position\":2,\"name\":\"Verena Riedler &#8211; Regenerative Zukunft\",\"item\":\"https:\/\/verenariedler.at\/\"},{\"@type\":\"ListItem\",\"position\":3,\"name\":\"Datenschutz\"}]},{\"@type\":\"WebSite\",\"@id\":\"https:\/\/verenariedler.at\/#website\",\"url\":\"https:\/\/verenariedler.at\/\",\"name\":\"verenariedler.at\",\"description\":\"Eine weitere WordPress-Website\",\"potentialAction\":[{\"@type\":\"SearchAction\",\"target\":{\"@type\":\"EntryPoint\",\"urlTemplate\":\"https:\/\/verenariedler.at\/?s={search_term_string}\"},\"query-input\":\"required name=search_term_string\"}],\"inLanguage\":\"en-US\"}]}<\/script>\n<!-- \/ Yoast SEO plugin. -->","yoast_head_json":{"title":"Datenschutz - verenariedler.at","robots":{"index":"index","follow":"follow","max-snippet":"max-snippet:-1","max-image-preview":"max-image-preview:large","max-video-preview":"max-video-preview:-1"},"canonical":"https:\/\/verenariedler.at\/?page_id=295","og_locale":"en_US","og_type":"article","og_title":"Datenschutz - verenariedler.at","og_description":"Der Schutz Ihrer Daten ist mir ein gro\u00dfes Anliegen. Wir, der Websitebetreiber und Seitenprovider, nehmen den Schutz Ihrer Daten sehr ernst und verpflichten uns, die Informationen, die Sie uns in Verbindung mit der Nutzung der Website zur Verf\u00fcgung stellen, zu sch\u00fctzen. Des Weiteren verpflichten wir uns, Ihre Daten gem\u00e4\u00df anwendbarem Recht zu sch\u00fctzen und zu [&hellip;]","og_url":"https:\/\/verenariedler.at\/?page_id=295","og_site_name":"verenariedler.at","article_modified_time":"2023-01-23T18:19:58+00:00","twitter_card":"summary_large_image","twitter_misc":{"Est. reading time":"2 minutes"},"schema":{"@context":"https:\/\/schema.org","@graph":[{"@type":"WebPage","@id":"https:\/\/verenariedler.at\/?page_id=295","url":"https:\/\/verenariedler.at\/?page_id=295","name":"Datenschutz - verenariedler.at","isPartOf":{"@id":"https:\/\/verenariedler.at\/#website"},"datePublished":"2023-01-23T18:16:24+00:00","dateModified":"2023-01-23T18:19:58+00:00","breadcrumb":{"@id":"https:\/\/verenariedler.at\/?page_id=295#breadcrumb"},"inLanguage":"en-US","potentialAction":[{"@type":"ReadAction","target":["https:\/\/verenariedler.at\/?page_id=295"]}]},{"@type":"BreadcrumbList","@id":"https:\/\/verenariedler.at\/?page_id=295#breadcrumb","itemListElement":[{"@type":"ListItem","position":1,"name":"Startseite","item":"https:\/\/verenariedler.at\/"},{"@type":"ListItem","position":2,"name":"Verena Riedler &#8211; Regenerative Zukunft","item":"https:\/\/verenariedler.at\/"},{"@type":"ListItem","position":3,"name":"Datenschutz"}]},{"@type":"WebSite","@id":"https:\/\/verenariedler.at\/#website","url":"https:\/\/verenariedler.at\/","name":"verenariedler.at","description":"Eine weitere WordPress-Website","potentialAction":[{"@type":"SearchAction","target":{"@type":"EntryPoint","urlTemplate":"https:\/\/verenariedler.at\/?s={search_term_string}"},"query-input":"required name=search_term_string"}],"inLanguage":"en-US"}]}},"_links":{"self":[{"href":"https:\/\/verenariedler.at\/index.php?rest_route=\/wp\/v2\/pages\/295","targetHints":{"allow":["GET"]}}],"collection":[{"href":"https:\/\/verenariedler.at\/index.php?rest_route=\/wp\/v2\/pages"}],"about":[{"href":"https:\/\/verenariedler.at\/index.php?rest_route=\/wp\/v2\/types\/page"}],"author":[{"embeddable":true,"href":"https:\/\/verenariedler.at\/index.php?rest_route=\/wp\/v2\/users\/1"}],"replies":[{"embeddable":true,"href":"https:\/\/verenariedler.at\/index.php?rest_route=%2Fwp%2Fv2%2Fcomments&post=295"}],"version-history":[{"count":4,"href":"https:\/\/verenariedler.at\/index.php?rest_route=\/wp\/v2\/pages\/295\/revisions"}],"predecessor-version":[{"id":299,"href":"https:\/\/verenariedler.at\/index.php?rest_route=\/wp\/v2\/pages\/295\/revisions\/299"}],"up":[{"embeddable":true,"href":"https:\/\/verenariedler.at\/index.php?rest_route=\/wp\/v2\/pages\/7"}],"wp:attachment":[{"href":"https:\/\/verenariedler.at\/index.php?rest_route=%2Fwp%2Fv2%2Fmedia&parent=295"}],"curies":[{"name":"wp","href":"https:\/\/api.w.org\/{rel}","templated":true}]}}